{"id":43382,"date":"2024-09-24T13:46:45","date_gmt":"2024-09-24T13:46:45","guid":{"rendered":"http:\/\/www.autotoja.lt\/lexus\/?page_id=43382"},"modified":"2024-09-24T13:46:45","modified_gmt":"2024-09-24T13:46:45","slug":"neitiketinai-kompaktiskas-koncepcinis-modelis","status":"publish","type":"page","link":"https:\/\/www.autotoja.lt\/lexus\/neitiketinai-kompaktiskas-koncepcinis-modelis\/","title":{"rendered":"NE\u012eTIK\u0116TINAI KOMPAKTI\u0160KAS KONCEPCINIS MODELIS"},"content":{"rendered":"","protected":false},"excerpt":{"rendered":"","protected":false},"author":1,"featured_media":0,"parent":0,"menu_order":0,"comment_status":"closed","ping_status":"closed","template":"","meta":{"footnotes":""},"class_list":["post-43382","page","type-page","status-publish","hentry"],"acf":[],"_links":{"self":[{"href":"https:\/\/www.autotoja.lt\/lexus\/wp-json\/wp\/v2\/pages\/43382","targetHints":{"allow":["GET"]}}],"collection":[{"href":"https:\/\/www.autotoja.lt\/lexus\/wp-json\/wp\/v2\/pages"}],"about":[{"href":"https:\/\/www.autotoja.lt\/lexus\/wp-json\/wp\/v2\/types\/page"}],"author":[{"embeddable":true,"href":"https:\/\/www.autotoja.lt\/lexus\/wp-json\/wp\/v2\/users\/1"}],"replies":[{"embeddable":true,"href":"https:\/\/www.autotoja.lt\/lexus\/wp-json\/wp\/v2\/comments?post=43382"}],"version-history":[{"count":1,"href":"https:\/\/www.autotoja.lt\/lexus\/wp-json\/wp\/v2\/pages\/43382\/revisions"}],"predecessor-version":[{"id":43399,"href":"https:\/\/www.autotoja.lt\/lexus\/wp-json\/wp\/v2\/pages\/43382\/revisions\/43399"}],"wp:attachment":[{"href":"https:\/\/www.autotoja.lt\/lexus\/wp-json\/wp\/v2\/media?parent=43382"}],"curies":[{"name":"wp","href":"https:\/\/api.w.org\/{rel}","templated":true}]}}