{"id":43519,"date":"2024-10-02T13:56:45","date_gmt":"2024-10-02T13:56:45","guid":{"rendered":"http:\/\/www.autotoja.lt\/lexus\/?page_id=43519"},"modified":"2024-10-08T07:12:47","modified_gmt":"2024-10-08T07:12:47","slug":"lexus-pristato-koncepcine-sportine-jachta","status":"publish","type":"page","link":"https:\/\/www.autotoja.lt\/lexus\/lexus-pristato-koncepcine-sportine-jachta\/","title":{"rendered":"LEXUS PRISTATO KONCEPCIN\u0118 SPORTIN\u0118 JACHT\u0104"},"content":{"rendered":"","protected":false},"excerpt":{"rendered":"","protected":false},"author":1,"featured_media":0,"parent":0,"menu_order":0,"comment_status":"closed","ping_status":"closed","template":"","meta":{"footnotes":""},"class_list":["post-43519","page","type-page","status-publish","hentry"],"acf":[],"_links":{"self":[{"href":"https:\/\/www.autotoja.lt\/lexus\/wp-json\/wp\/v2\/pages\/43519","targetHints":{"allow":["GET"]}}],"collection":[{"href":"https:\/\/www.autotoja.lt\/lexus\/wp-json\/wp\/v2\/pages"}],"about":[{"href":"https:\/\/www.autotoja.lt\/lexus\/wp-json\/wp\/v2\/types\/page"}],"author":[{"embeddable":true,"href":"https:\/\/www.autotoja.lt\/lexus\/wp-json\/wp\/v2\/users\/1"}],"replies":[{"embeddable":true,"href":"https:\/\/www.autotoja.lt\/lexus\/wp-json\/wp\/v2\/comments?post=43519"}],"version-history":[{"count":4,"href":"https:\/\/www.autotoja.lt\/lexus\/wp-json\/wp\/v2\/pages\/43519\/revisions"}],"predecessor-version":[{"id":43545,"href":"https:\/\/www.autotoja.lt\/lexus\/wp-json\/wp\/v2\/pages\/43519\/revisions\/43545"}],"wp:attachment":[{"href":"https:\/\/www.autotoja.lt\/lexus\/wp-json\/wp\/v2\/media?parent=43519"}],"curies":[{"name":"wp","href":"https:\/\/api.w.org\/{rel}","templated":true}]}}