{"id":94,"date":"2016-10-25T09:18:48","date_gmt":"2016-10-25T09:18:48","guid":{"rendered":"http:\/\/localhost\/lexus\/?page_id=94"},"modified":"2017-02-08T11:43:28","modified_gmt":"2017-02-08T11:43:28","slug":"serviso-paslaugos","status":"publish","type":"page","link":"https:\/\/www.autotoja.lt\/lexus\/serviso-paslaugos\/","title":{"rendered":"Serviso paslaugos"},"content":{"rendered":"<p><strong>Taupykite savo laik\u0105 kartu su Lexus Kaunas servisu!<\/strong><\/p>\n<p>J\u016bs\u0173 patogumui, mes galime:<\/p>\n<p>&nbsp;<\/p>\n<ul>\n<li>\n<div>\n<p>paimti J\u016bs\u0173 automobil\u012f remontui ar techninei prie\u017ei\u016brai\u00a0i\u0161 Jums patogios vietos, o po to pristatyti \u012f Jums patogi\u0105 viet\u0105 Kauno miesto ribose.<\/p>\n<p>Automobilio pa\u0117mimo paslaugos kaina &#8211; 15 Eur (su PVM).<br \/>\n Automobilio\u00a0pristatymo paslaugos kaina\u00a0&#8211; 15 Eur (su PVM).<\/p>\n<\/div>\n<\/li>\n<li>\n<div>\n<div>\n<p>siekiant i\u0161vengti transporto sp\u016bs\u010di\u0173,\u00a0automobil\u012f remontui\u00a0priimti ir ne darbo laiku, tik b\u016btinai i\u0161 anksto apie tai informuokite Lexus serviso pri\u0117m\u0117j\u0105;<\/p>\n<\/div>\n<\/div>\n<\/li>\n<li>\n<div>\n<div>kol J\u016bs\u0173 automobilis remontuojamas, kvie\u010diame\u00a0pasinaudoti\u00a0poilsio kambariu, kur gal\u0117site organizuoti\u00a0dienos darbus ar verslo susitikimus.<\/div>\n<\/div>\n<\/li>\n<\/ul>\n<p><strong>Paslaugas u\u017esisakyti galite registruodamiesi \u012f servis\u0105.<br \/>\n Daugiau informacijos teiraukit\u0117s LEXUS KAUNAS <\/strong><a href=\"http:\/\/www.autotoja.lt\/lexus\/lt\/kontaktai\/kontaktai\/lexus-servisas.htm\"><em><strong>serviso pri\u0117mime<\/strong><\/em><\/a><\/p>\n<p>&nbsp;<\/p>\n<p>&nbsp;<\/p>\n<p><a href=\"http:\/\/www.autotoja.lt\/lexus\/site\/files\/Failai\/Servisas\/LEXUS_aptarnavimo_kainos_2016_03_24.pdf\" target=\"_blank\"><strong>Lexus modeli\u0173 CT, IS, GS, LS, NX, RX <\/strong><strong>techninio aptarnavimo grafikas ir \u012fkainiai <\/strong><\/a><\/p>\n<p>Technin\u0117s prie\u017ei\u016bros grafikai sudaryti remiantis gamintojo laiko normatyvu ir \u0161iuo metu galiojan\u010diu \u012fkainiu 49,60 Eur (su PVM)<br \/>\n Galioja nuo 2016.01.01<\/p>\n<p>UAB &#8220;Autotoja&#8221; pasilieka teis\u0119 juos keisti, kei\u010diantis med\u017eiag\u0173 ir darb\u0173 kainoms.<\/p>\n","protected":false},"excerpt":{"rendered":"<p>Taupykite savo laik\u0105 kartu su Lexus Kaunas servisu! J\u016bs\u0173 patogumui, mes galime: &nbsp; paimti J\u016bs\u0173 automobil\u012f remontui ar techninei prie\u017ei\u016brai\u00a0i\u0161 Jums patogios vietos, o po to pristatyti \u012f Jums patogi\u0105 viet\u0105 Kauno miesto ribose. Automobilio pa\u0117mimo paslaugos kaina &#8211; 15 Eur (su PVM). Automobilio\u00a0pristatymo paslaugos kaina\u00a0&#8211; 15 Eur (su PVM). siekiant i\u0161vengti transporto sp\u016bs\u010di\u0173,\u00a0automobil\u012f remontui\u00a0priimti [&hellip;]<\/p>\n","protected":false},"author":1,"featured_media":0,"parent":0,"menu_order":53,"comment_status":"closed","ping_status":"closed","template":"archive-servise.php","meta":{"footnotes":""},"class_list":["post-94","page","type-page","status-publish","hentry"],"acf":[],"_links":{"self":[{"href":"https:\/\/www.autotoja.lt\/lexus\/wp-json\/wp\/v2\/pages\/94","targetHints":{"allow":["GET"]}}],"collection":[{"href":"https:\/\/www.autotoja.lt\/lexus\/wp-json\/wp\/v2\/pages"}],"about":[{"href":"https:\/\/www.autotoja.lt\/lexus\/wp-json\/wp\/v2\/types\/page"}],"author":[{"embeddable":true,"href":"https:\/\/www.autotoja.lt\/lexus\/wp-json\/wp\/v2\/users\/1"}],"replies":[{"embeddable":true,"href":"https:\/\/www.autotoja.lt\/lexus\/wp-json\/wp\/v2\/comments?post=94"}],"version-history":[{"count":0,"href":"https:\/\/www.autotoja.lt\/lexus\/wp-json\/wp\/v2\/pages\/94\/revisions"}],"wp:attachment":[{"href":"https:\/\/www.autotoja.lt\/lexus\/wp-json\/wp\/v2\/media?parent=94"}],"curies":[{"name":"wp","href":"https:\/\/api.w.org\/{rel}","templated":true}]}}